{"id":13751,"date":"2023-07-26T16:21:45","date_gmt":"2023-07-26T14:21:45","guid":{"rendered":"https:\/\/javac.ctl.de\/atsauces\/"},"modified":"2025-06-26T13:23:35","modified_gmt":"2025-06-26T11:23:35","slug":"atsauces","status":"publish","type":"page","link":"https:\/\/javac.org\/lv\/atsauces\/","title":{"rendered":"Atsauces"},"content":{"rendered":"\t\t<div data-elementor-type=\"wp-page\" data-elementor-id=\"13751\" class=\"elementor elementor-13751 elementor-3073\" data-elementor-post-type=\"page\">\n\t\t\t\t\t\t<section class=\"elementor-section elementor-top-section elementor-element elementor-element-ba4f302 elementor-section-boxed elementor-section-height-default elementor-section-height-default\" data-id=\"ba4f302\" data-element_type=\"section\" data-e-type=\"section\" data-settings=\"{&quot;jet_parallax_layout_list&quot;:[]}\">\n\t\t\t\t\t\t<div class=\"elementor-container elementor-column-gap-default\">\n\t\t\t\t\t<div class=\"elementor-column elementor-col-100 elementor-top-column elementor-element elementor-element-b402850\" data-id=\"b402850\" data-element_type=\"column\" data-e-type=\"column\">\n\t\t\t<div class=\"elementor-widget-wrap elementor-element-populated\">\n\t\t\t\t\t\t<div class=\"elementor-element elementor-element-6bb3148 elementor-widget elementor-widget-heading\" data-id=\"6bb3148\" data-element_type=\"widget\" data-e-type=\"widget\" data-widget_type=\"heading.default\">\n\t\t\t\t<div class=\"elementor-widget-container\">\n\t\t\t\t\t<h2 class=\"elementor-heading-title elementor-size-default\">Atsauces<\/h2>\t\t\t\t<\/div>\n\t\t\t\t<\/div>\n\t\t\t\t\t<\/div>\n\t\t<\/div>\n\t\t\t\t\t<\/div>\n\t\t<\/section>\n\t\t\t\t<section class=\"elementor-section elementor-top-section elementor-element elementor-element-59257d7 elementor-section-boxed elementor-section-height-default elementor-section-height-default\" data-id=\"59257d7\" data-element_type=\"section\" data-e-type=\"section\" data-settings=\"{&quot;jet_parallax_layout_list&quot;:[]}\">\n\t\t\t\t\t\t<div class=\"elementor-container elementor-column-gap-default\">\n\t\t\t\t\t<div class=\"elementor-column elementor-col-100 elementor-top-column elementor-element elementor-element-4761883\" data-id=\"4761883\" data-element_type=\"column\" data-e-type=\"column\">\n\t\t\t<div class=\"elementor-widget-wrap elementor-element-populated\">\n\t\t\t\t\t\t<div class=\"elementor-element elementor-element-ad3077e elementor-widget elementor-widget-heading\" data-id=\"ad3077e\" data-element_type=\"widget\" data-e-type=\"widget\" data-widget_type=\"heading.default\">\n\t\t\t\t<div class=\"elementor-widget-container\">\n\t\t\t\t\t<h2 class=\"elementor-heading-title elementor-size-default\">Iek\u0101rtas, kas tika pl\u0101notas un ra\u017eotas:<\/h2>\t\t\t\t<\/div>\n\t\t\t\t<\/div>\n\t\t\t\t\t<\/div>\n\t\t<\/div>\n\t\t\t\t\t<\/div>\n\t\t<\/section>\n\t\t\t\t<section class=\"elementor-section elementor-top-section elementor-element elementor-element-6cdc9b4 elementor-section-boxed elementor-section-height-default elementor-section-height-default\" data-id=\"6cdc9b4\" data-element_type=\"section\" data-e-type=\"section\" data-settings=\"{&quot;jet_parallax_layout_list&quot;:[]}\">\n\t\t\t\t\t\t<div class=\"elementor-container elementor-column-gap-default\">\n\t\t\t\t\t<div class=\"elementor-column elementor-col-100 elementor-top-column elementor-element elementor-element-3dc9aa9\" data-id=\"3dc9aa9\" data-element_type=\"column\" data-e-type=\"column\">\n\t\t\t<div class=\"elementor-widget-wrap elementor-element-populated\">\n\t\t\t\t\t\t<div class=\"elementor-element elementor-element-a2f8886 elementor-widget elementor-widget-image\" data-id=\"a2f8886\" data-element_type=\"widget\" data-e-type=\"widget\" data-widget_type=\"image.default\">\n\t\t\t\t<div class=\"elementor-widget-container\">\n\t\t\t\t\t\t\t\t\t\t\t\t\t\t\t<img fetchpriority=\"high\" decoding=\"async\" width=\"562\" height=\"598\" src=\"https:\/\/javac.org\/wp-content\/uploads\/2023\/12\/referenz_ringer.jpg\" class=\"attachment-large size-large wp-image-13756\" alt=\"\" srcset=\"https:\/\/javac.org\/wp-content\/uploads\/2023\/12\/referenz_ringer.jpg 562w, https:\/\/javac.org\/wp-content\/uploads\/2023\/12\/referenz_ringer-282x300.jpg 282w\" sizes=\"(max-width: 562px) 100vw, 562px\" \/>\t\t\t\t\t\t\t\t\t\t\t\t\t\t\t<\/div>\n\t\t\t\t<\/div>\n\t\t\t\t\t<\/div>\n\t\t<\/div>\n\t\t\t\t\t<\/div>\n\t\t<\/section>\n\t\t\t\t<section class=\"elementor-section elementor-top-section elementor-element elementor-element-cb848cd elementor-section-boxed elementor-section-height-default elementor-section-height-default\" data-id=\"cb848cd\" data-element_type=\"section\" data-e-type=\"section\" data-settings=\"{&quot;jet_parallax_layout_list&quot;:[]}\">\n\t\t\t\t\t\t<div class=\"elementor-container elementor-column-gap-default\">\n\t\t\t\t\t<div class=\"elementor-column elementor-col-100 elementor-top-column elementor-element elementor-element-ed4692a\" data-id=\"ed4692a\" data-element_type=\"column\" data-e-type=\"column\">\n\t\t\t<div class=\"elementor-widget-wrap elementor-element-populated\">\n\t\t\t\t\t\t<div class=\"elementor-element elementor-element-f7f6977 elementor-widget elementor-widget-text-editor\" data-id=\"f7f6977\" data-element_type=\"widget\" data-e-type=\"widget\" data-widget_type=\"text-editor.default\">\n\t\t\t\t<div class=\"elementor-widget-container\">\n\t\t\t\t\t\t\t\t\t<p>M\u0113s izstr\u0101d\u0101j\u0101m un pieg\u0101d\u0101j\u0101m \u0161o cauru\u013cu metin\u0101\u0161anas sist\u0113mu Austrijas <a href=\"http:\/\/www.ringer.at\" target=\"_blank\" rel=\"noopener\">uz\u0146\u0113mumam Ringer<\/a>, kas akt\u012bvi darbojas veid\u0146u un sastat\u0146u b\u016bvniec\u012bb\u0101. RCW sist\u0113mu izmanto, lai metin\u0101tu atlokus pie cauru\u013cu galiem.<\/p>\n<p><strong>Galvenie dati:<\/strong><br>&#8211; Sagataves diametrs no 100 l\u012bdz 800 mm<br>&#8211; Sagataves garums l\u012bdz 3000 mm<br>&#8211; Max. Kravnes\u012bba 3000 kg<br>&#8211; Rot\u0101cijas \u0101trums no 200 l\u012bdz 2000 mm\/min<\/p>\n<p>Ringer izmanto ar\u012b m\u016bsu ap\u013cveida \u0161uvju metin\u0101\u0161anas ier\u012bci <a href=\"http:\/\/www.javac.org\/P_PRO2_28_LT60.AxCMS\" target=\"_self\">LR-60<\/a> no viegl\u0101s automatiz\u0101cijas s\u0113rijas<\/p>\t\t\t\t\t\t\t\t<\/div>\n\t\t\t\t<\/div>\n\t\t\t\t\t<\/div>\n\t\t<\/div>\n\t\t\t\t\t<\/div>\n\t\t<\/section>\n\t\t\t\t<section class=\"elementor-section elementor-top-section elementor-element elementor-element-ebdf527 elementor-section-boxed elementor-section-height-default elementor-section-height-default\" data-id=\"ebdf527\" data-element_type=\"section\" data-e-type=\"section\" data-settings=\"{&quot;jet_parallax_layout_list&quot;:[]}\">\n\t\t\t\t\t\t<div class=\"elementor-container elementor-column-gap-default\">\n\t\t\t\t\t<div class=\"elementor-column elementor-col-100 elementor-top-column elementor-element elementor-element-d7d1446\" data-id=\"d7d1446\" data-element_type=\"column\" data-e-type=\"column\">\n\t\t\t<div class=\"elementor-widget-wrap elementor-element-populated\">\n\t\t\t\t\t\t<div class=\"elementor-element elementor-element-53a5d2b elementor-widget elementor-widget-spacer\" data-id=\"53a5d2b\" data-element_type=\"widget\" data-e-type=\"widget\" data-widget_type=\"spacer.default\">\n\t\t\t\t<div class=\"elementor-widget-container\">\n\t\t\t\t\t\t\t<div class=\"elementor-spacer\">\n\t\t\t<div class=\"elementor-spacer-inner\"><\/div>\n\t\t<\/div>\n\t\t\t\t\t\t<\/div>\n\t\t\t\t<\/div>\n\t\t\t\t\t<\/div>\n\t\t<\/div>\n\t\t\t\t\t<\/div>\n\t\t<\/section>\n\t\t\t\t<section class=\"elementor-section elementor-top-section elementor-element elementor-element-0c05353 elementor-section-boxed elementor-section-height-default elementor-section-height-default\" data-id=\"0c05353\" data-element_type=\"section\" data-e-type=\"section\" data-settings=\"{&quot;jet_parallax_layout_list&quot;:[]}\">\n\t\t\t\t\t\t<div class=\"elementor-container elementor-column-gap-default\">\n\t\t\t\t\t<div class=\"elementor-column elementor-col-100 elementor-top-column elementor-element elementor-element-e477e54\" data-id=\"e477e54\" data-element_type=\"column\" data-e-type=\"column\">\n\t\t\t<div class=\"elementor-widget-wrap elementor-element-populated\">\n\t\t\t\t\t\t<div class=\"elementor-element elementor-element-82a0379 elementor-widget elementor-widget-image\" data-id=\"82a0379\" data-element_type=\"widget\" data-e-type=\"widget\" data-widget_type=\"image.default\">\n\t\t\t\t<div class=\"elementor-widget-container\">\n\t\t\t\t\t\t\t\t\t\t\t\t\t\t\t<img decoding=\"async\" width=\"562\" height=\"566\" src=\"https:\/\/javac.org\/wp-content\/uploads\/2023\/12\/PW1T_komplett1.jpg\" class=\"attachment-large size-large wp-image-13755\" alt=\"\" srcset=\"https:\/\/javac.org\/wp-content\/uploads\/2023\/12\/PW1T_komplett1.jpg 562w, https:\/\/javac.org\/wp-content\/uploads\/2023\/12\/PW1T_komplett1-298x300.jpg 298w, https:\/\/javac.org\/wp-content\/uploads\/2023\/12\/PW1T_komplett1-150x150.jpg 150w\" sizes=\"(max-width: 562px) 100vw, 562px\" \/>\t\t\t\t\t\t\t\t\t\t\t\t\t\t\t<\/div>\n\t\t\t\t<\/div>\n\t\t\t\t\t<\/div>\n\t\t<\/div>\n\t\t\t\t\t<\/div>\n\t\t<\/section>\n\t\t\t\t<section class=\"elementor-section elementor-top-section elementor-element elementor-element-7bc4744 elementor-section-boxed elementor-section-height-default elementor-section-height-default\" data-id=\"7bc4744\" data-element_type=\"section\" data-e-type=\"section\" data-settings=\"{&quot;jet_parallax_layout_list&quot;:[]}\">\n\t\t\t\t\t\t<div class=\"elementor-container elementor-column-gap-default\">\n\t\t\t\t\t<div class=\"elementor-column elementor-col-100 elementor-top-column elementor-element elementor-element-12168de\" data-id=\"12168de\" data-element_type=\"column\" data-e-type=\"column\">\n\t\t\t<div class=\"elementor-widget-wrap elementor-element-populated\">\n\t\t\t\t\t\t<div class=\"elementor-element elementor-element-39af402 elementor-widget elementor-widget-text-editor\" data-id=\"39af402\" data-element_type=\"widget\" data-e-type=\"widget\" data-widget_type=\"text-editor.default\">\n\t\t\t\t<div class=\"elementor-widget-container\">\n\t\t\t\t\t\t\t\t\t<p>PWT ap\u013cveida \u0161uvju metin\u0101\u0161anas ier\u012bci elast\u012bgiem cauru\u013cu garumiem bez pagrieziena galda un atsevi\u0161\u0137as iesp\u012bl\u0113\u0161anas ier\u012bces izmanto <a href=\"http:\/\/www.anton-meyer.de\/\" target=\"_blank\" rel=\"noopener\">Anton Meyer GmbH &amp; Co KG no Neuenhaus.<\/a> Uz\u0146\u0113mums specializ\u0113jas in\u017eenierb\u016bvniec\u012bb\u0101, in\u017eenierb\u016bv\u0113, cauru\u013cvadu un iek\u0101rtu b\u016bvniec\u012bb\u0101.<\/p><p> <\/p><p><strong>Galvenie dati:<\/strong><br>&#8211; Sagataves diametrs no 50 l\u012bdz 400 mm<br>&#8211; Sagataves garums no 450 mm<br>&#8211; Max. Kravnes\u012bba 2000 kg<br>&#8211; Max. Ce\u013cojo\u0161\u0101s vien\u012bbas slodze 1500 kg<br>&#8211; Rot\u0101cijas \u0101trums no 200 l\u012bdz 2000 mm\/min<\/p>\t\t\t\t\t\t\t\t<\/div>\n\t\t\t\t<\/div>\n\t\t\t\t\t<\/div>\n\t\t<\/div>\n\t\t\t\t\t<\/div>\n\t\t<\/section>\n\t\t\t\t<section class=\"elementor-section elementor-top-section elementor-element elementor-element-627b24b elementor-section-boxed elementor-section-height-default elementor-section-height-default\" data-id=\"627b24b\" data-element_type=\"section\" data-e-type=\"section\" data-settings=\"{&quot;jet_parallax_layout_list&quot;:[]}\">\n\t\t\t\t\t\t<div class=\"elementor-container elementor-column-gap-default\">\n\t\t\t\t\t<div class=\"elementor-column elementor-col-100 elementor-top-column elementor-element elementor-element-80faf87\" data-id=\"80faf87\" data-element_type=\"column\" data-e-type=\"column\">\n\t\t\t<div class=\"elementor-widget-wrap elementor-element-populated\">\n\t\t\t\t\t\t<div class=\"elementor-element elementor-element-c1c9014 elementor-widget elementor-widget-image\" data-id=\"c1c9014\" data-element_type=\"widget\" data-e-type=\"widget\" data-widget_type=\"image.default\">\n\t\t\t\t<div class=\"elementor-widget-container\">\n\t\t\t\t\t\t\t\t\t\t\t\t\t\t\t<img decoding=\"async\" width=\"562\" height=\"345\" src=\"https:\/\/javac.org\/wp-content\/uploads\/2023\/12\/Tisch3_HOL.jpg\" class=\"attachment-large size-large wp-image-13754\" alt=\"\" srcset=\"https:\/\/javac.org\/wp-content\/uploads\/2023\/12\/Tisch3_HOL.jpg 562w, https:\/\/javac.org\/wp-content\/uploads\/2023\/12\/Tisch3_HOL-300x184.jpg 300w\" sizes=\"(max-width: 562px) 100vw, 562px\" \/>\t\t\t\t\t\t\t\t\t\t\t\t\t\t\t<\/div>\n\t\t\t\t<\/div>\n\t\t\t\t\t<\/div>\n\t\t<\/div>\n\t\t\t\t\t<\/div>\n\t\t<\/section>\n\t\t\t\t<section class=\"elementor-section elementor-top-section elementor-element elementor-element-d2ca290 elementor-section-boxed elementor-section-height-default elementor-section-height-default\" data-id=\"d2ca290\" data-element_type=\"section\" data-e-type=\"section\" data-settings=\"{&quot;jet_parallax_layout_list&quot;:[]}\">\n\t\t\t\t\t\t<div class=\"elementor-container elementor-column-gap-default\">\n\t\t\t\t\t<div class=\"elementor-column elementor-col-100 elementor-top-column elementor-element elementor-element-067ff07\" data-id=\"067ff07\" data-element_type=\"column\" data-e-type=\"column\">\n\t\t\t<div class=\"elementor-widget-wrap elementor-element-populated\">\n\t\t\t\t\t\t<div class=\"elementor-element elementor-element-65563cd elementor-widget elementor-widget-text-editor\" data-id=\"65563cd\" data-element_type=\"widget\" data-e-type=\"widget\" data-widget_type=\"text-editor.default\">\n\t\t\t\t<div class=\"elementor-widget-container\">\n\t\t\t\t\t\t\t\t\t<p> <\/p><p>Izmanto ar\u012b Meyer: metin\u0101\u0161anas port\u0101ls garen\u0161uvju metin\u0101\u0161anai<\/p><p> <\/p><p><strong>Galvenie dati:<\/strong><br>&#8211; Sagataves garums l\u012bdz 20 metriem<br>&#8211; Sagataves diametrs no 100 l\u012bdz 900 mm<br>&#8211; Max. Kravnes\u012bba 6000 kg<br>&#8211; Port\u0101ls var iztur\u0113t l\u012bdz 300kg<br>&#8211; Rot\u0101cijas galda griezes moments 1500 kgm<\/p>\t\t\t\t\t\t\t\t<\/div>\n\t\t\t\t<\/div>\n\t\t\t\t\t<\/div>\n\t\t<\/div>\n\t\t\t\t\t<\/div>\n\t\t<\/section>\n\t\t\t\t<\/div>\n\t\t","protected":false},"excerpt":{"rendered":"<p>Atsauces Iek\u0101rtas, kas tika pl\u0101notas un ra\u017eotas: M\u0113s izstr\u0101d\u0101j\u0101m un pieg\u0101d\u0101j\u0101m \u0161o cauru\u013cu metin\u0101\u0161anas sist\u0113mu Austrijas uz\u0146\u0113mumam Ringer, kas akt\u012bvi darbojas veid\u0146u un sastat\u0146u b\u016bvniec\u012bb\u0101. RCW sist\u0113mu izmanto, lai metin\u0101tu atlokus pie cauru\u013cu galiem. Galvenie dati:&#8211; Sagataves diametrs no 100 l\u012bdz 800 mm&#8211; Sagataves garums l\u012bdz 3000 mm&#8211; Max. Kravnes\u012bba 3000 kg&#8211; Rot\u0101cijas \u0101trums no [&hellip;]<\/p>\n","protected":false},"author":3,"featured_media":0,"parent":0,"menu_order":0,"comment_status":"closed","ping_status":"closed","template":"","meta":{"footnotes":""},"class_list":["post-13751","page","type-page","status-publish","hentry"],"_links":{"self":[{"href":"https:\/\/javac.org\/lv\/wp-json\/wp\/v2\/pages\/13751","targetHints":{"allow":["GET"]}}],"collection":[{"href":"https:\/\/javac.org\/lv\/wp-json\/wp\/v2\/pages"}],"about":[{"href":"https:\/\/javac.org\/lv\/wp-json\/wp\/v2\/types\/page"}],"author":[{"embeddable":true,"href":"https:\/\/javac.org\/lv\/wp-json\/wp\/v2\/users\/3"}],"replies":[{"embeddable":true,"href":"https:\/\/javac.org\/lv\/wp-json\/wp\/v2\/comments?post=13751"}],"version-history":[{"count":10,"href":"https:\/\/javac.org\/lv\/wp-json\/wp\/v2\/pages\/13751\/revisions"}],"predecessor-version":[{"id":23402,"href":"https:\/\/javac.org\/lv\/wp-json\/wp\/v2\/pages\/13751\/revisions\/23402"}],"wp:attachment":[{"href":"https:\/\/javac.org\/lv\/wp-json\/wp\/v2\/media?parent=13751"}],"curies":[{"name":"wp","href":"https:\/\/api.w.org\/{rel}","templated":true}]}}